{"id":11,"date":"2016-05-04T12:35:11","date_gmt":"2016-05-04T10:35:11","guid":{"rendered":"http:\/\/www.sementiel.be\/?page_id=11"},"modified":"2023-10-05T17:08:38","modified_gmt":"2023-10-05T15:08:38","slug":"formations-et-workshop","status":"publish","type":"page","link":"https:\/\/www.sementiel.be\/?page_id=11","title":{"rendered":"Accompagnement-formation de groupe\/d&rsquo;\u00e9quipe"},"content":{"rendered":"<p><span style=\"color: #ef6445;\"><strong>Votre choix<\/strong> d&rsquo;intervention <span style=\"color: #000000;\"><strong>X<\/strong><\/span> <strong>Votre choix<\/strong> de th\u00e9matique <strong><span style=\"color: #000000;\">=<\/span><\/strong> Votre accompagnement\u00a0<strong>sur-mesure<\/strong> !<\/span><\/p>\n<h2>Interventions :<\/h2>\n<p>\u2192 Formation,<br \/>\n\u2192 Atelier,<br \/>\n\u2192 Accompagnement\/facilitation de groupes,<\/p>\n<h2><strong>Th\u00e9matiques :<\/strong><\/h2>\n<p>\u2192 Motivation et engagement<br \/>\n\u2192 Talent et potentiel<br \/>\n\u2192 M\u00e9canismes du stress<br \/>\n\u2192 Intelligence relationnelle<br \/>\n\u2192\u00a0Prise de parole en public<br \/>\n\u2192 Epanouissement personnel et professionnel<br \/>\n\u2192 Collaboration et dynamique\u00a0de groupes<br \/>\n\u2192\u00a0Prise de d\u00e9cision zen<br \/>\n\u2192 Techniques de cr\u00e9ativit\u00e9s<br \/>\n\u2192 Changement et agilit\u00e9<br \/>\n\u2192 Intelligence \u00e9motionnelle<br \/>\n\u2192 R\u00e9silience &#8211; D\u00e9veloppement de sa flexibilit\u00e9 mentale, comportementale et \u00e9motionnelle<br \/>\n\u2192 \u00c9quilibrer efficacit\u00e9 et bien-\u00eatre avec la Coh\u00e9rence Cardiaque<\/p>\n<p><span style=\"color: #ef6445;\"><b>\u2192<\/b><\/span><b> J\u2019aime adapter mes interventions \u00e0 chaque contexte sp\u00e9cifique. <span style=\"color: #ef6445;\"><span style=\"color: #000000;\">N\u2019h\u00e9sitez pas \u00e0 me contacter pour\u00a0discuter de<\/span> vos besoins, r\u00e9alit\u00e9s et objectifs.<\/span><\/b><\/p>\n<p><img loading=\"lazy\" class=\"alignleft size-medium wp-image-306\" src=\"http:\/\/www.sementiel.be\/wp-content\/uploads\/2016\/05\/IMG_6082-300x225.jpg\" alt=\"\" width=\"300\" height=\"225\" srcset=\"https:\/\/www.sementiel.be\/wp-content\/uploads\/2016\/05\/IMG_6082-300x225.jpg 300w, https:\/\/www.sementiel.be\/wp-content\/uploads\/2016\/05\/IMG_6082-768x576.jpg 768w, https:\/\/www.sementiel.be\/wp-content\/uploads\/2016\/05\/IMG_6082-1024x768.jpg 1024w\" sizes=\"(max-width: 300px) 100vw, 300px\" \/><\/p>\n<hr \/>\n<h2>Ce qu&rsquo;ils en disent&#8230;<\/h2>\n<p>\u00ab\u00a0<em>Une formation p\u00e9tillante&#8230; et motivante qui m&rsquo;a permis d&rsquo;apprendre \u00e0 mieux conna\u00eetre mes forces, talents afin de maximiser mon potentiel.<\/em><br \/>\n<em>Elle saura vous motiver avec le sourire. Vous pouvez lui faire confiance car elle conna\u00eet bien son m\u00e9tier<\/em>.\u00a0\u00bb<\/p>\n<p><em>\u00ab\u00a0J&rsquo;ai ador\u00e9 ton efficacit\u00e9 et ton dynamisme\u00a0: les questions et outils que tu proposes, et leur enracinement (la densit\u00e9 de contenu, la diversit\u00e9 des outils, les exercices d\u2019inclusion, les r\u00e9flexions seul, par 2 ou tous ensemble). Je voudrais exploiter l\u2019exercice inclusion \u00ab\u00a0images surprises\u00a0\u00bb qui encourage encore plus en profondeur d\u2019\u00eatre \u00e0 l\u2019\u00e9coute de ce qui est ancr\u00e9 en soi. Et en plus, c\u2019est ludique\u00a0<\/em><em>J<\/em><em> Merci pour ton \u00e9nergie. C\u2019\u00e9tait dingue ce moment cet apr\u00e8s-midi o\u00f9, aucune des 2 propositions que tu donnais ne semblant convenir, tu les as \u00ab\u00a0balanc\u00e9es\u00a0\u00bb toutes les 2 pour nous permettre d\u2019\u00e9couter ce dont on avait vraiment besoin. Merci d\u2019avoir mis comme r\u00e8gle le respect de soi. Je me suis sentie bien \u00e0 tout moment, accueillie dans ce que je vivais et ressentais.\u00a0\u00bb<\/em><\/p>\n<p><i>\u00ab\u00a0Formation tr\u00e8s vivante, anim\u00e9e, illustr\u00e9e. Merci pour toutes les nouvelles techniques de communication. C\u2019est motivant d\u2019en d\u00e9couvrir autant\u00a0! Organisation des 3 s\u00e9ances tr\u00e8s positive, le fil conducteur permet de bien se situer dans l\u2019avancement du \u00ab\u00a0cours\u00a0\u00bb. Le travail en fin de cycle permet de d\u00e9gager des pistes applicables \u00e0 nos cours<\/i>.\u00a0\u00bb<\/p>\n<p>\u00ab\u00a0<em>J&rsquo;ai ador\u00e9 le dynamisme de Martine, sa bonne humeur, sa joie de vivre. Elle emm\u00e8ne le groupe en dehors des sentiers battus \u00e0 la d\u00e9couverte d&rsquo;une autre facette de nous-m\u00eame.<\/em>\u00a0\u00bb<\/p>\n<p>\u00ab\u00a0<em>Super formation ! Tr\u00e8s humaine. Un grand merci pour cette le\u00e7on de vie !\u00a0\u00bb<\/em><\/p>\n<p>(<em>chanson de Gainsbourg) Viens petite fille dans son Comic Strip, viens voir les possibles de qui tu es. Martine avec son sourire et son intelligence et sa bienveillance, viens voir les WAOUW, PAOUW, CHOUBA, WIZZZZ<\/em>\u00a0\u00bb<\/p>\n<p>\u00ab\u00a0<em>2 jours de formation g\u00e9r\u00e9s avec enthousiasme et efficacit\u00e9. Martine est \u00e0 l&rsquo;\u00e9coute du groupe et de chacun. Une bonne approche du SISEM, accessible et concr\u00e8te. Merci<\/em><i> !\u00a0\u00bb<\/i><\/p>\n<p>\u00ab\u00a0<em>Martine, tu es super&#8230; souriante, dynamique et investie dans ton travail passionnant. Merci<\/em> !\u00a0\u00bb<\/p>\n<p><em>\u00ab\u00a0Ambiance dynamique avec une formatrice professionnelle, joviale et tr\u00e8s \u00e0 l&rsquo;\u00e9coute.\u00a0\u00bb<\/em><\/p>\n<p>\u00ab\u00a0<em>Le contenu est vraiment bien construit, solide, convaincant et, ce qui ne g\u00e2che rien, super bien communiqu\u00e9 et transmis<\/em>\u00a0\u00bb<\/p>\n<p><em>\u00ab\u00a0Excellente gestion du groupe ! Dynamisme.\u00a0\u00bb<br \/>\n<\/em>\u00ab\u00a0<i>Merci \u00e0 toi pour ta bienveillance, ton \u00e9coute, les outils propos\u00e9s, le fil rouge, &#8230;.! Je pense qu&rsquo;on en est tous ressortis gonfl\u00e9s d&rsquo;\u00e9nergie positive.\u00a0\u00bb<\/i><\/p>\n<p><em>\u00ab\u00a0Ne jamais oublier que pour chaque probl\u00e8me, il y a une solution\u00a0\u00bb<\/em><\/p>\n<p><em>\u00ab\u00a0Merci pour ton enthousiasme et ta bienveillance ! Je suis comme je suis ET j&rsquo;ai appris \u00e0 mieux m&rsquo;accepter, me conna\u00eetre gr\u00e2ce \u00e0 toi ! Merci \ud83d\ude42\u00a0\u00bb<\/em><\/p>\n<p><em><span style=\"margin: 0px; color: black; font-family: 'Calibri',sans-serif; font-size: 11pt;\"><span style=\"margin: 0px; line-height: 115%; font-family: 'Calibri',sans-serif; font-size: 11pt;\"><span style=\"color: #000000;\">\u00a0<\/span><\/span><\/span><\/em><\/p>\n","protected":false},"excerpt":{"rendered":"<p>Votre choix d&rsquo;intervention X Votre choix de th\u00e9matique = Votre accompagnement\u00a0sur-mesure ! Interventions : \u2192 Formation, \u2192 Atelier, \u2192 Accompagnement\/facilitation de groupes, Th\u00e9matiques : \u2192 Motivation et engagement \u2192 Talent et potentiel \u2192 M\u00e9canismes du stress \u2192 Intelligence relationnelle \u2192\u00a0Prise [&hellip;]<\/p>\n","protected":false},"author":1,"featured_media":0,"parent":0,"menu_order":2,"comment_status":"closed","ping_status":"closed","template":"","meta":[],"_links":{"self":[{"href":"https:\/\/www.sementiel.be\/index.php?rest_route=\/wp\/v2\/pages\/11"}],"collection":[{"href":"https:\/\/www.sementiel.be\/index.php?rest_route=\/wp\/v2\/pages"}],"about":[{"href":"https:\/\/www.sementiel.be\/index.php?rest_route=\/wp\/v2\/types\/page"}],"author":[{"embeddable":true,"href":"https:\/\/www.sementiel.be\/index.php?rest_route=\/wp\/v2\/users\/1"}],"replies":[{"embeddable":true,"href":"https:\/\/www.sementiel.be\/index.php?rest_route=%2Fwp%2Fv2%2Fcomments&post=11"}],"version-history":[{"count":83,"href":"https:\/\/www.sementiel.be\/index.php?rest_route=\/wp\/v2\/pages\/11\/revisions"}],"predecessor-version":[{"id":346,"href":"https:\/\/www.sementiel.be\/index.php?rest_route=\/wp\/v2\/pages\/11\/revisions\/346"}],"wp:attachment":[{"href":"https:\/\/www.sementiel.be\/index.php?rest_route=%2Fwp%2Fv2%2Fmedia&parent=11"}],"curies":[{"name":"wp","href":"https:\/\/api.w.org\/{rel}","templated":true}]}}