{"id":22,"date":"2016-05-04T14:00:09","date_gmt":"2016-05-04T12:00:09","guid":{"rendered":"http:\/\/www.sementiel.be\/?page_id=22"},"modified":"2026-02-08T11:36:32","modified_gmt":"2026-02-08T10:36:32","slug":"services-de-coaching","status":"publish","type":"page","link":"http:\/\/www.sementiel.be\/?page_id=22","title":{"rendered":"Accompagnement individuel et massage des mains"},"content":{"rendered":"<p>Je vous propose TROIS TYPES D&rsquo;ACCOMPAGNEMENT (tr\u00e8s) diff\u00e9rents :<\/p>\n<p><b>\u2192 <\/b>Accompagnements \u00ab\u00a0D\u00e9sapprendre les <strong>DOULEURS CHRONIQUES<\/strong> via l&rsquo;Approche 3D\u00a0\u00bb.<br \/>\n<em>Pour qui ?<\/em> Pour toute personne qui souffre (ou commence \u00e0 souffrir) de douleurs inexpliqu\u00e9es m\u00e9dicalement (ou d\u00e9mesur\u00e9es par rapport aux causes m\u00e9dicale d\u00e9cel\u00e9es), qui veut les comprendre et qui veut agir !<br \/>\n<em>Mais encore &#8230;<\/em> NON, les douleurs chroniques ne sont pas une fatalit\u00e9, NON, il ne faut pas apprendre \u00e0 vivre <em>avec<\/em> la douleur &#8230; OUI, il est possible de d\u00e9sapprendre la douleur et de retrouver son dynamisme. Toutes les infos sur le <a href=\"http:\/\/www.lapproche3d.com\" target=\"_blank\" rel=\"noopener noreferrer\">site de l&rsquo;approche 3D<\/a><\/p>\n<p><b>\u2192 <\/b>Coaching de <strong>PROJETS<\/strong>.<br \/>\n<em>Pour qui ?<\/em> Pour toute personne qui a besoin \u00a0d&rsquo;un coup de boost sur un projet (qu&rsquo;il soit professionnel ou priv\u00e9).<br \/>\n<em>Par exemple :<\/em> pour prendre la parole en public, g\u00e9rer son stress dans un contexte particulier, d\u00e9velopper sa r\u00e9silience et sa capacit\u00e9 \u00e0 avancer &#8211; d\u00e9velopper sa flexibilit\u00e9 mentale, comportementale et \u00e9motionnelle&#8230;<\/p>\n<p><b>\u2192 <\/b>Coaching <strong>en COULEURS<\/strong>\u00a0avec AEC-DISC<br \/>\n<em>Pour qui ?<\/em> Pour toute personne qui d\u00e9sire mieux se connaitre pour mieux \u00eatre, mieux fonctionner avec les autres et mieux s&rsquo;adapter aux situations. Toutes les infos sur le <a href=\"https:\/\/www.arcencielrh.com\/methode-disc-arc-en-ciel\/\" target=\"_blank\" rel=\"noopener noreferrer\">site AEC-DISC<\/a><\/p>\n<p>Les s\u00e9ances de coaching se d\u00e9roulent \u00e0 Huy, principalement les lundi et mercredi en journ\u00e9e (exceptionnellement le vendredi en journ\u00e9e ou soir\u00e9e). Elles sont adress\u00e9es \u00e0 toute personne de plus de 18 ans.<\/p>\n<p><strong>MASSAGE DES MAINS<\/strong><\/p>\n<p>Un moment hors du temps &#8211; Un massage global des zones r\u00e9flexes des mains &#8211; 1h de massage (30 minutes par main) &#8211; Effet bien-\u00eatre garanti !<\/p>\n<hr \/>\n","protected":false},"excerpt":{"rendered":"<p>Je vous propose TROIS TYPES D&rsquo;ACCOMPAGNEMENT (tr\u00e8s) diff\u00e9rents : \u2192 Accompagnements \u00ab\u00a0D\u00e9sapprendre les DOULEURS CHRONIQUES via l&rsquo;Approche 3D\u00a0\u00bb. Pour qui ? Pour toute personne qui souffre (ou commence \u00e0 souffrir) de douleurs inexpliqu\u00e9es m\u00e9dicalement (ou d\u00e9mesur\u00e9es par rapport aux causes [&hellip;]<\/p>\n","protected":false},"author":1,"featured_media":0,"parent":0,"menu_order":1,"comment_status":"closed","ping_status":"closed","template":"","meta":[],"_links":{"self":[{"href":"http:\/\/www.sementiel.be\/index.php?rest_route=\/wp\/v2\/pages\/22"}],"collection":[{"href":"http:\/\/www.sementiel.be\/index.php?rest_route=\/wp\/v2\/pages"}],"about":[{"href":"http:\/\/www.sementiel.be\/index.php?rest_route=\/wp\/v2\/types\/page"}],"author":[{"embeddable":true,"href":"http:\/\/www.sementiel.be\/index.php?rest_route=\/wp\/v2\/users\/1"}],"replies":[{"embeddable":true,"href":"http:\/\/www.sementiel.be\/index.php?rest_route=%2Fwp%2Fv2%2Fcomments&post=22"}],"version-history":[{"count":27,"href":"http:\/\/www.sementiel.be\/index.php?rest_route=\/wp\/v2\/pages\/22\/revisions"}],"predecessor-version":[{"id":353,"href":"http:\/\/www.sementiel.be\/index.php?rest_route=\/wp\/v2\/pages\/22\/revisions\/353"}],"wp:attachment":[{"href":"http:\/\/www.sementiel.be\/index.php?rest_route=%2Fwp%2Fv2%2Fmedia&parent=22"}],"curies":[{"name":"wp","href":"https:\/\/api.w.org\/{rel}","templated":true}]}}